{"id":1127,"date":"2025-04-18T12:03:51","date_gmt":"2025-04-18T12:03:51","guid":{"rendered":"https:\/\/prw.przedprojekt.com.pl\/?page_id=1127"},"modified":"2025-09-16T12:15:50","modified_gmt":"2025-09-16T10:15:50","slug":"kontakt","status":"publish","type":"page","link":"https:\/\/prw.przedprojekt.com.pl\/en\/kontakt\/","title":{"rendered":"Kontakt"},"content":{"rendered":"<div data-elementor-type=\"wp-page\" data-elementor-id=\"1127\" class=\"elementor elementor-1127\" data-elementor-post-type=\"page\">\n\t\t\t\t<div class=\"e-con-top elementor-element elementor-element-531466b1 e-flex e-con-boxed e-con e-parent\" data-id=\"531466b1\" data-element_type=\"container\" data-e-type=\"container\">\n\t\t\t\t\t<div class=\"e-con-inner\">\n\t\t<div class=\"elementor-element elementor-element-253cc70 e-con-full e-flex e-con e-child\" data-id=\"253cc70\" data-element_type=\"container\" data-e-type=\"container\">\n\t\t\t\t<div class=\"elementor-element elementor-element-dc5d252 elementor-widget elementor-widget-heading\" data-id=\"dc5d252\" data-element_type=\"widget\" data-e-type=\"widget\" data-widget_type=\"heading.default\">\n\t\t\t\t<div class=\"elementor-widget-container\">\n\t\t\t\t\t<h1 class=\"elementor-heading-title elementor-size-default\">Kontakt<\/h1>\t\t\t\t<\/div>\n\t\t\t\t<\/div>\n\t\t\t\t<div class=\"elementor-element elementor-element-745dcdf2 elementor-widget elementor-widget-text-editor\" data-id=\"745dcdf2\" data-element_type=\"widget\" data-e-type=\"widget\" data-widget_type=\"text-editor.default\">\n\t\t\t\t<div class=\"elementor-widget-container\">\n\t\t\t\t\t\t\t\t\t<p>Jeste\u015bmy do\u015bwiadczonym zespo\u0142em architekt\u00f3w i project manager\u00f3w. Zrealizowali\u015bmy liczne projekty biur, innych przestrzeni komercyjnych oraz mieszka\u0144 pod klucz.<\/p>\t\t\t\t\t\t\t\t<\/div>\n\t\t\t\t<\/div>\n\t\t\t\t<\/div>\n\t\t\t\t\t<\/div>\n\t\t\t\t<\/div>\n\t\t<div class=\"e-con-top elementor-element elementor-element-479a368f rey-section-stretched e-con-full e-flex e-con e-parent\" data-id=\"479a368f\" data-element_type=\"container\" data-e-type=\"container\" data-settings=\"{&quot;background_background&quot;:&quot;classic&quot;}\">\n\t\t<div class=\"elementor-element elementor-element-c7faf15 e-con-full e-flex e-con e-child\" data-id=\"c7faf15\" data-element_type=\"container\" data-e-type=\"container\" data-settings=\"{&quot;background_background&quot;:&quot;classic&quot;}\">\n\t\t\t\t<\/div>\n\t\t<div class=\"elementor-element elementor-element-770dfa4e e-flex e-con-boxed e-con e-child\" data-id=\"770dfa4e\" data-element_type=\"container\" data-e-type=\"container\">\n\t\t\t\t\t<div class=\"e-con-inner\">\n\t\t<div class=\"elementor-element elementor-element-f0940e8 e-con-full e-flex e-con e-child\" data-id=\"f0940e8\" data-element_type=\"container\" data-e-type=\"container\">\n\t\t\t\t<div class=\"elementor-element elementor-element-50061dc8 elementor-widget elementor-widget-text-editor\" data-id=\"50061dc8\" data-element_type=\"widget\" data-e-type=\"widget\" data-widget_type=\"text-editor.default\">\n\t\t\t\t<div class=\"elementor-widget-container\">\n\t\t\t\t\t\t\t\t\t<p>Zostaw wiadomo\u015b\u0107<\/p>\t\t\t\t\t\t\t\t<\/div>\n\t\t\t\t<\/div>\n\t\t<div class=\"elementor-element elementor-element-4c1c878 e-con-full e-flex e-con e-child\" data-id=\"4c1c878\" data-element_type=\"container\" data-e-type=\"container\">\n\t\t<div class=\"elementor-element elementor-element-d26498c e-con-full e-flex e-con e-child\" data-id=\"d26498c\" data-element_type=\"container\" data-e-type=\"container\">\n\t\t\t\t<div class=\"elementor-element elementor-element-a378cfb elementor-widget elementor-widget-text-editor\" data-id=\"a378cfb\" data-element_type=\"widget\" data-e-type=\"widget\" data-widget_type=\"text-editor.default\">\n\t\t\t\t<div class=\"elementor-widget-container\">\n\t\t\t\t\t\t\t\t\t<p>Skontaktuj si\u0119 z nami<\/p>\t\t\t\t\t\t\t\t<\/div>\n\t\t\t\t<\/div>\n\t\t\t\t<div class=\"elementor-element elementor-element-aac38d0 elementor-widget elementor-widget-text-editor\" data-id=\"aac38d0\" data-element_type=\"widget\" data-e-type=\"widget\" data-widget_type=\"text-editor.default\">\n\t\t\t\t<div class=\"elementor-widget-container\">\n\t\t\t\t\t\t\t\t\t<p><a href=\"tel:+48793033088\">+48 793 033 088<\/a><br \/><a href=\"mailto:kontakt@prwdesign.pl\">kontakt@prwdesign.pl<\/a><\/p>\t\t\t\t\t\t\t\t<\/div>\n\t\t\t\t<\/div>\n\t\t\t\t<\/div>\n\t\t<div class=\"elementor-element elementor-element-6001f0a e-con-full e-flex e-con e-child\" data-id=\"6001f0a\" data-element_type=\"container\" data-e-type=\"container\">\n\t\t\t\t<div class=\"elementor-element elementor-element-9ea6fc8 elementor-widget elementor-widget-text-editor\" data-id=\"9ea6fc8\" data-element_type=\"widget\" data-e-type=\"widget\" data-widget_type=\"text-editor.default\">\n\t\t\t\t<div class=\"elementor-widget-container\">\n\t\t\t\t\t\t\t\t\t<p>Odwied\u017a nas<\/p>\t\t\t\t\t\t\t\t<\/div>\n\t\t\t\t<\/div>\n\t\t\t\t<div class=\"elementor-element elementor-element-af77b84 elementor-widget elementor-widget-text-editor\" data-id=\"af77b84\" data-element_type=\"widget\" data-e-type=\"widget\" data-widget_type=\"text-editor.default\">\n\t\t\t\t<div class=\"elementor-widget-container\">\n\t\t\t\t\t\t\t\t\t<p>ul. Wrzesi\u0144ska 12 lok. 35<br \/>03-713 Warszawa<\/p>\t\t\t\t\t\t\t\t<\/div>\n\t\t\t\t<\/div>\n\t\t\t\t<\/div>\n\t\t\t\t<\/div>\n\t\t<div class=\"elementor-element elementor-element-9d1f976 e-con-full e-flex e-con e-child\" data-id=\"9d1f976\" data-element_type=\"container\" data-e-type=\"container\">\n\t\t<div class=\"elementor-element elementor-element-52855cd e-con-full e-flex e-con e-child\" data-id=\"52855cd\" data-element_type=\"container\" data-e-type=\"container\">\n\t\t\t\t<div class=\"elementor-element elementor-element-45fb9f1 elementor-widget elementor-widget-text-editor\" data-id=\"45fb9f1\" data-element_type=\"widget\" data-e-type=\"widget\" data-widget_type=\"text-editor.default\">\n\t\t\t\t<div class=\"elementor-widget-container\">\n\t\t\t\t\t\t\t\t\t<p><strong data-renderer-mark=\"true\">Dane rejestrowe<\/strong><\/p>\t\t\t\t\t\t\t\t<\/div>\n\t\t\t\t<\/div>\n\t\t\t\t<div class=\"elementor-element elementor-element-af22eb7 elementor-widget elementor-widget-text-editor\" data-id=\"af22eb7\" data-element_type=\"widget\" data-e-type=\"widget\" data-widget_type=\"text-editor.default\">\n\t\t\t\t<div class=\"elementor-widget-container\">\n\t\t\t\t\t\t\t\t\t<p>PRW Design Sp. z o.o.<br \/>ul. \u015awi\u0119tokrzyska 30\/79, 00-116 Warszawa<br \/>KRS 0000803694, NIP 5252798945, REGON 384143785<\/p><p data-renderer-start-pos=\"231\">Nr konta: PKO BP nr rachunku 66 1020 1332 0000 1602 1244 0030<\/p>\t\t\t\t\t\t\t\t<\/div>\n\t\t\t\t<\/div>\n\t\t\t\t<\/div>\n\t\t\t\t<\/div>\n\t\t\t\t<\/div>\n\t\t<div class=\"elementor-element elementor-element-5f73be81 e-con-full e-flex e-con e-child\" data-id=\"5f73be81\" data-element_type=\"container\" data-e-type=\"container\" data-settings=\"{&quot;background_background&quot;:&quot;classic&quot;}\">\n\t\t<div class=\"elementor-element elementor-element-ccc83ec e-con-full e-flex e-con e-child\" data-id=\"ccc83ec\" data-element_type=\"container\" data-e-type=\"container\">\n\t\t\t\t<div class=\"elementor-element elementor-element-f597c70 elementor-widget elementor-widget-text-editor\" data-id=\"f597c70\" data-element_type=\"widget\" data-e-type=\"widget\" data-widget_type=\"text-editor.default\">\n\t\t\t\t<div class=\"elementor-widget-container\">\n\t\t\t\t\t\t\t\t\t<p>SPRAWD\u0179 NAS<\/p>\t\t\t\t\t\t\t\t<\/div>\n\t\t\t\t<\/div>\n\t\t\t\t<div class=\"elementor-element elementor-element-2d57303 elementor-widget elementor-widget-text-editor\" data-id=\"2d57303\" data-element_type=\"widget\" data-e-type=\"widget\" data-widget_type=\"text-editor.default\">\n\t\t\t\t<div class=\"elementor-widget-container\">\n\t\t\t\t\t\t\t\t\t<p>Napisz do nas,<br \/>porozmawiajmy <br \/>o Twoim projekcie<\/p>\t\t\t\t\t\t\t\t<\/div>\n\t\t\t\t<\/div>\n\t\t\t\t<div class=\"elementor-element elementor-element-4bc48fa0 elementor-widget elementor-widget-text-editor\" data-id=\"4bc48fa0\" data-element_type=\"widget\" data-e-type=\"widget\" data-widget_type=\"text-editor.default\">\n\t\t\t\t<div class=\"elementor-widget-container\">\n\t\t\t\t\t\t\t\t\t<p>Nasz zesp\u00f3\u0142 pozostaje do Twojej dyspozycji, skontaktuj si\u0119 z nami. Znajdziemy idealne rozwi\u0105zanie.<\/p>\t\t\t\t\t\t\t\t<\/div>\n\t\t\t\t<\/div>\n\t\t\t\t<div class=\"elementor-element elementor-element-af8c16f elementor-widget elementor-widget-shortcode\" data-id=\"af8c16f\" data-element_type=\"widget\" data-e-type=\"widget\" data-widget_type=\"shortcode.default\">\n\t\t\t\t<div class=\"elementor-widget-container\">\n\t\t\t\t\t\t\t<div class=\"elementor-shortcode\"><div class=\"forminator-ui forminator-custom-form forminator-custom-form-956 forminator-design--material  forminator_ajax\" data-forminator-render=\"0\" data-form=\"forminator-module-956\" data-uid=\"69dfd99ae5f67\"><br\/><\/div><form\r\n\t\t\t\tid=\"forminator-module-956\"\r\n\t\t\t\tclass=\"forminator-ui forminator-custom-form forminator-custom-form-956 forminator-design--material  forminator_ajax\"\r\n\t\t\t\tmethod=\"post\"\r\n\t\t\t\tdata-forminator-render=\"0\"\r\n\t\t\t\tdata-form-id=\"956\"\r\n\t\t\t\t\r\n\t\t\t\tdata-design=\"material\"\r\n\t\t\t\t\r\n\t\t\t\t\r\n\t\t\t\t\r\n\t\t\t\tdata-grid=\"open\"\r\n\t\t\t\t\r\n\t\t\t\t\r\n\t\t\t\tstyle=\"display: none;\"\r\n\t\t\t\t\r\n\t\t\t\tdata-uid=\"69dfd99ae5f67\" action=\"\"\r\n\t\t\t><div role=\"alert\" aria-live=\"polite\" class=\"forminator-response-message forminator-error\" aria-hidden=\"true\"><\/div><div class=\"forminator-row\"><div id=\"name-1\" class=\"forminator-field-name forminator-col forminator-col-12\"><div class=\"forminator-field\"><label for=\"forminator-field-name-1_69dfd99ae5f67\" id=\"forminator-field-name-1_69dfd99ae5f67-label\" class=\"forminator-label\">Imi\u0119 i nazwisko <span class=\"forminator-required\">*<\/span><\/label><input type=\"text\" name=\"name-1\" value=\"\" placeholder=\"\" id=\"forminator-field-name-1_69dfd99ae5f67\" class=\"forminator-input forminator-name--field\" aria-required=\"true\" \/><\/div><\/div><\/div><div class=\"forminator-row\"><div id=\"phone-1\" class=\"forminator-field-phone forminator-col forminator-col-12\"><div class=\"forminator-field\"><label for=\"forminator-field-phone-1_69dfd99ae5f67\" id=\"forminator-field-phone-1_69dfd99ae5f67-label\" class=\"forminator-label\">Telefon <span class=\"forminator-required\">*<\/span><\/label><input type=\"text\" name=\"phone-1\" value=\"\" placeholder=\"\" id=\"forminator-field-phone-1_69dfd99ae5f67\" class=\"forminator-input forminator-field--phone\" data-required=\"1\" aria-required=\"true\" autocomplete=\"off\" \/><\/div><\/div><\/div><div class=\"forminator-row\"><div id=\"email-1\" class=\"forminator-field-email forminator-col forminator-col-12\"><div class=\"forminator-field\"><label for=\"forminator-field-email-1_69dfd99ae5f67\" id=\"forminator-field-email-1_69dfd99ae5f67-label\" class=\"forminator-label\">E-mail <span class=\"forminator-required\">*<\/span><\/label><input type=\"email\" name=\"email-1\" value=\"\" placeholder=\"\" id=\"forminator-field-email-1_69dfd99ae5f67\" class=\"forminator-input forminator-email--field\" data-required=\"true\" aria-required=\"true\" \/><\/div><\/div><\/div><div class=\"forminator-row\"><div id=\"textarea-1\" class=\"forminator-field-textarea forminator-col forminator-col-12\"><div class=\"forminator-field\"><label for=\"forminator-field-textarea-1_69dfd99ae5f67\" id=\"forminator-field-textarea-1_69dfd99ae5f67-label\" class=\"forminator-label\">Wiadomo\u015b\u0107<\/label><span id=\"forminator-field-textarea-1_69dfd99ae5f67-description\" class=\"forminator-description\"><span data-limit=\"180\" data-type=\"characters\" data-editor=\"\">0 \/ 180<\/span><\/span><textarea name=\"textarea-1\" placeholder=\"\" id=\"forminator-field-textarea-1_69dfd99ae5f67\" class=\"forminator-textarea\" rows=\"6\" style=\"min-height:140px;\" maxlength=\"180\" ><\/textarea><\/div><\/div><\/div><div class=\"forminator-row\"><div id=\"checkbox-1\" class=\"forminator-field-checkbox forminator-col forminator-col-12\"><div role=\"group\" class=\"forminator-field required\" aria-labelledby=\"forminator-checkbox-group-forminator-field-checkbox-1-69dfd99ae5f67-label\"><span id=\"forminator-checkbox-group-forminator-field-checkbox-1-69dfd99ae5f67-label\" class=\"forminator-label\">Polityka prywatno\u015bci <span class=\"forminator-required\">*<\/span><\/span><label id=\"forminator-field-checkbox-1-1-69dfd99ae5f67-label\" for=\"forminator-field-checkbox-1-1-69dfd99ae5f67\" class=\"forminator-checkbox\" title=\"Akceptuj\u0119 &lt;a href=&quot;\/en\/polityka-prywatnosci\/&quot;&gt;Polityk\u0119 Prywatno\u015bci&lt;\/a&gt;\"><input type=\"checkbox\" name=\"checkbox-1[]\" value=\"one\" id=\"forminator-field-checkbox-1-1-69dfd99ae5f67\" aria-labelledby=\"forminator-field-checkbox-1-1-69dfd99ae5f67-label\" data-calculation=\"0\"   data-hidden-behavior=\"zero\"\/><span class=\"forminator-checkbox-box\" aria-hidden=\"true\"><\/span><span class=\"forminator-checkbox-label\">Akceptuj\u0119 <a href=\"\/en\/polityka-prywatnosci\/\">Polityk\u0119 Prywatno\u015bci<\/a><\/span><\/label><\/div><\/div><\/div><input type=\"hidden\" name=\"referer_url\" value=\"\" \/><div class=\"forminator-row forminator-row-last\"><div class=\"forminator-col\"><div class=\"forminator-field\"><button class=\"forminator-button forminator-button-submit\"><span>WY\u015aLIJ<\/span><span aria-hidden=\"true\"><\/span><\/button><\/div><\/div><\/div><input type=\"hidden\" id=\"forminator_nonce\" name=\"forminator_nonce\" value=\"1b439cbacb\" \/><input type=\"hidden\" name=\"_wp_http_referer\" value=\"\/en\/wp-json\/wp\/v2\/pages\/1127\" \/><input type=\"hidden\" name=\"form_id\" value=\"956\"><input type=\"hidden\" name=\"page_id\" value=\"1127\"><input type=\"hidden\" name=\"form_type\" value=\"default\"><input type=\"hidden\" name=\"current_url\" value=\"https:\/\/prw.przedprojekt.com.pl\/en\/kontakt\/\"><input type=\"hidden\" name=\"render_id\" value=\"0\"><input type=\"hidden\" name=\"action\" value=\"forminator_submit_form_custom-forms\"><input type=\"hidden\" name=\"trp-form-language\" value=\"en\"\/><\/form><\/div>\n\t\t\t\t\t\t<\/div>\n\t\t\t\t<\/div>\n\t\t\t\t<\/div>\n\t\t\t\t<\/div>\n\t\t\t\t\t<\/div>\n\t\t\t\t<\/div>\n\t\t\t\t<\/div>\n\t\t<div class=\"e-con-top elementor-element elementor-element-f1929ef rey-section-stretched e-con-full e-flex e-con e-parent\" data-id=\"f1929ef\" data-element_type=\"container\" data-e-type=\"container\">\n\t\t\t\t<div class=\"elementor-element elementor-element-5ad657a elementor-widget elementor-widget-html\" data-id=\"5ad657a\" data-element_type=\"widget\" data-e-type=\"widget\" data-widget_type=\"html.default\">\n\t\t\t\t<div class=\"elementor-widget-container\">\n\t\t\t\t\t<iframe src=\"https:\/\/www.google.com\/maps\/embed?pb=!1m18!1m12!1m3!1d2442.6085611197846!2d21.032213077111617!3d52.25049325614757!2m3!1f0!2f0!3f0!3m2!1i1024!2i768!4f13.1!3m3!1m2!1s0x471ecd697d805965%3A0xb09dd31354f8a146!2sPRW%20Design%20-%20Projekt%20Realizacja%20Wn%C4%99trz!5e0!3m2!1spl!2spl!4v1744986577173!5m2!1spl!2spl\" width=\"100%\" height=\"950\" style=\"border:0;\" allowfullscreen=\"\" loading=\"lazy\" referrerpolicy=\"no-referrer-when-downgrade\"><\/iframe>\t\t\t\t<\/div>\n\t\t\t\t<\/div>\n\t\t\t\t<\/div>\n\t\t\t\t<\/div>","protected":false},"excerpt":{"rendered":"<p>Kontakt Jeste\u015bmy do\u015bwiadczonym zespo\u0142em architekt\u00f3w i project manager\u00f3w. Zrealizowali\u015bmy liczne projekty biur, innych przestrzeni komercyjnych oraz mieszka\u0144 pod klucz. Zostaw wiadomo\u015b\u0107 Skontaktuj si\u0119 z nami +48 793 033 088kontakt@prwdesign.pl Odwied\u017a nas ul. Wrzesi\u0144ska 12 lok. 3503-713 Warszawa Dane rejestrowe PRW Design Sp. z o.o.ul. \u015awi\u0119tokrzyska 30\/79, 00-116 WarszawaKRS 0000803694, NIP 5252798945, REGON 384143785 Nr konta: [&hellip;]<\/p>\n","protected":false},"author":1,"featured_media":0,"parent":0,"menu_order":0,"comment_status":"closed","ping_status":"closed","template":"","meta":{"_acf_changed":false,"inline_featured_image":false,"footnotes":""},"class_list":["post-1127","page","type-page","status-publish","hentry"],"acf":[],"_links":{"self":[{"href":"https:\/\/prw.przedprojekt.com.pl\/en\/wp-json\/wp\/v2\/pages\/1127","targetHints":{"allow":["GET"]}}],"collection":[{"href":"https:\/\/prw.przedprojekt.com.pl\/en\/wp-json\/wp\/v2\/pages"}],"about":[{"href":"https:\/\/prw.przedprojekt.com.pl\/en\/wp-json\/wp\/v2\/types\/page"}],"author":[{"embeddable":true,"href":"https:\/\/prw.przedprojekt.com.pl\/en\/wp-json\/wp\/v2\/users\/1"}],"replies":[{"embeddable":true,"href":"https:\/\/prw.przedprojekt.com.pl\/en\/wp-json\/wp\/v2\/comments?post=1127"}],"version-history":[{"count":142,"href":"https:\/\/prw.przedprojekt.com.pl\/en\/wp-json\/wp\/v2\/pages\/1127\/revisions"}],"predecessor-version":[{"id":4395,"href":"https:\/\/prw.przedprojekt.com.pl\/en\/wp-json\/wp\/v2\/pages\/1127\/revisions\/4395"}],"wp:attachment":[{"href":"https:\/\/prw.przedprojekt.com.pl\/en\/wp-json\/wp\/v2\/media?parent=1127"}],"curies":[{"name":"wp","href":"https:\/\/api.w.org\/{rel}","templated":true}]}}