{"id":1473,"date":"2025-04-18T18:36:51","date_gmt":"2025-04-18T18:36:51","guid":{"rendered":"https:\/\/prw.przedprojekt.com.pl\/?page_id=1473"},"modified":"2025-09-16T14:07:25","modified_gmt":"2025-09-16T12:07:25","slug":"rekrutacja","status":"publish","type":"page","link":"https:\/\/prw.przedprojekt.com.pl\/en\/rekrutacja\/","title":{"rendered":"Rekrutacja"},"content":{"rendered":"<div data-elementor-type=\"wp-page\" data-elementor-id=\"1473\" class=\"elementor elementor-1473\" data-elementor-post-type=\"page\">\n\t\t\t\t<div class=\"e-con-top elementor-element elementor-element-47fd387b e-flex e-con-boxed e-con e-parent\" data-id=\"47fd387b\" data-element_type=\"container\" data-e-type=\"container\">\n\t\t\t\t\t<div class=\"e-con-inner\">\n\t\t<div class=\"elementor-element elementor-element-8d98316 e-con-full e-flex e-con e-child\" data-id=\"8d98316\" data-element_type=\"container\" data-e-type=\"container\">\n\t\t\t\t<div class=\"elementor-element elementor-element-7501746d elementor-widget elementor-widget-heading\" data-id=\"7501746d\" data-element_type=\"widget\" data-e-type=\"widget\" data-widget_type=\"heading.default\">\n\t\t\t\t<div class=\"elementor-widget-container\">\n\t\t\t\t\t<h1 class=\"elementor-heading-title elementor-size-default\">Rekrutacja<\/h1>\t\t\t\t<\/div>\n\t\t\t\t<\/div>\n\t\t\t\t<div class=\"elementor-element elementor-element-2b0c0030 elementor-widget elementor-widget-text-editor\" data-id=\"2b0c0030\" data-element_type=\"widget\" data-e-type=\"widget\" data-widget_type=\"text-editor.default\">\n\t\t\t\t<div class=\"elementor-widget-container\">\n\t\t\t\t\t\t\t\t\t<p>Ca\u0142y czas szukamy nowy talent\u00f3w do naszego zespo\u0142u.<\/p><p>Chcesz spr\u00f3bowa\u0107? <strong><span style=\"color: #484f56; font-size: 1.125rem;\">Aplikuj ju\u017c teraz!<\/span><\/strong><\/p>\t\t\t\t\t\t\t\t<\/div>\n\t\t\t\t<\/div>\n\t\t\t\t<\/div>\n\t\t\t\t\t<\/div>\n\t\t\t\t<\/div>\n\t\t<div class=\"e-con-top elementor-element elementor-element-3cc6cf9 e-flex e-con-boxed e-con e-parent\" data-id=\"3cc6cf9\" data-element_type=\"container\" data-e-type=\"container\">\n\t\t\t\t\t<div class=\"e-con-inner\">\n\t\t\t\t<div class=\"elementor-element elementor-element-58e3277 elementor-widget elementor-widget-n-accordion\" data-id=\"58e3277\" data-element_type=\"widget\" data-e-type=\"widget\" data-settings=\"{&quot;default_state&quot;:&quot;all_collapsed&quot;,&quot;max_items_expended&quot;:&quot;one&quot;,&quot;n_accordion_animation_duration&quot;:{&quot;unit&quot;:&quot;ms&quot;,&quot;size&quot;:400,&quot;sizes&quot;:[]}}\" data-widget_type=\"nested-accordion.default\">\n\t\t\t\t<div class=\"elementor-widget-container\">\n\t\t\t\t\t\t\t<div class=\"e-n-accordion\" aria-label=\"Accordion. Open links with Enter or Space, close with Escape, and navigate with Arrow Keys\">\n\t\t\t\t\t\t<details id=\"e-n-accordion-item-9320\" class=\"e-n-accordion-item\" >\n\t\t\t\t<summary class=\"e-n-accordion-item-title\" data-accordion-index=\"1\" tabindex=\"0\" aria-expanded=\"false\" aria-controls=\"e-n-accordion-item-9320\" >\n\t\t\t\t\t<span class='e-n-accordion-item-title-header'><div class=\"e-n-accordion-item-title-text\"> Asystent Project Managera <\/div><\/span>\n\t\t\t\t\t\t\t<span class='e-n-accordion-item-title-icon'>\n\t\t\t<span class='e-opened' ><svg aria-hidden=\"true\" class=\"e-font-icon-svg e-fas-minus\" viewbox=\"0 0 448 512\" xmlns=\"http:\/\/www.w3.org\/2000\/svg\"><path d=\"M416 208H32c-17.67 0-32 14.33-32 32v32c0 17.67 14.33 32 32 32h384c17.67 0 32-14.33 32-32v-32c0-17.67-14.33-32-32-32z\"><\/path><\/svg><\/span>\n\t\t\t<span class='e-closed'><svg aria-hidden=\"true\" class=\"e-font-icon-svg e-fas-plus\" viewbox=\"0 0 448 512\" xmlns=\"http:\/\/www.w3.org\/2000\/svg\"><path d=\"M416 208H272V64c0-17.67-14.33-32-32-32h-32c-17.67 0-32 14.33-32 32v144H32c-17.67 0-32 14.33-32 32v32c0 17.67 14.33 32 32 32h144v144c0 17.67 14.33 32 32 32h32c17.67 0 32-14.33 32-32V304h144c17.67 0 32-14.33 32-32v-32c0-17.67-14.33-32-32-32z\"><\/path><\/svg><\/span>\n\t\t<\/span>\n\n\t\t\t\t\t\t<\/summary>\n\t\t\t\t<div role=\"region region\" aria-labelledby=\"e-n-accordion-item-9320 e-n-accordion-item-9320\" class=\"e-con-top elementor-element elementor-element-3884a06 e-con-full e-flex e-con e-child\" data-id=\"3884a06\" data-element_type=\"container\" data-e-type=\"container\">\n\t\t<div role=\"region region\" aria-labelledby=\"e-n-accordion-item-9320 e-n-accordion-item-9320\" class=\"elementor-element elementor-element-1700733 e-con-full e-flex e-con e-child\" data-id=\"1700733\" data-element_type=\"container\" data-e-type=\"container\">\n\t\t\t\t<div class=\"elementor-element elementor-element-8c21b72 elementor-widget elementor-widget-text-editor\" data-id=\"8c21b72\" data-element_type=\"widget\" data-e-type=\"widget\" data-widget_type=\"text-editor.default\">\n\t\t\t\t<div class=\"elementor-widget-container\">\n\t\t\t\t\t\t\t\t\t<p>Zakres obowi\u0105zk\u00f3w<\/p>\t\t\t\t\t\t\t\t<\/div>\n\t\t\t\t<\/div>\n\t\t\t\t<div class=\"elementor-element elementor-element-7dbc451 elementor-widget elementor-widget-text-editor\" data-id=\"7dbc451\" data-element_type=\"widget\" data-e-type=\"widget\" data-widget_type=\"text-editor.default\">\n\t\t\t\t<div class=\"elementor-widget-container\">\n\t\t\t\t\t\t\t\t\t<p>Osoba na tym stanowisku b\u0119dzie administracyjnym wsparciem<br \/>zespo\u0142u odpowiedzialnego za realizacj\u0119 projekt\u00f3w aran\u017cacji wn\u0119trz.\u00a0<\/p><p class=\"MsoNormal\">\u2022\u00a0\u00a0 \u00a0Prowadzenie rejestru i kalendarza projekt\u00f3w;<br \/>\u2022\u00a0\u00a0 \u00a0Nadz\u00f3r nad terminowo\u015bci\u0105 wykonywanych prac na budowie<br \/>w oparciu o harmonogram;<br \/>\u2022\u00a0\u00a0 \u00a0Przygotowywanie (uzupe\u0142nianie) um\u00f3w i zlece\u0144 oraz ich rejestrowanie;<br \/>\u2022\u00a0\u00a0 \u00a0Sporz\u0105dzanie zam\u00f3wie\u0144, weryfikacja ofert dostawc\u00f3w<br \/>i podwykonawc\u00f3w w oparciu o bud\u017cet;<br \/>\u2022\u00a0\u00a0 \u00a0Rejestrowanie dokument\u00f3w kosztowych realizowanych projekt\u00f3w;<br \/>\u2022\u00a0\u00a0 \u00a0Uczestniczenie w naradach koordynacyjnych;<br \/>\u2022\u00a0\u00a0 \u00a0Weryfikacja przedmiar\u00f3w i obmiar\u00f3w rob\u00f3t;<br \/>\u2022\u00a0\u00a0 \u00a0Sporz\u0105dzanie dokumentacji warsztatowej i powykonawczej;<br \/>\u2022\u00a0\u00a0 \u00a0Obs\u0142uga korespondencji.<\/p><p>\u00a0<\/p>\t\t\t\t\t\t\t\t<\/div>\n\t\t\t\t<\/div>\n\t\t\t\t<\/div>\n\t\t<div role=\"region region\" aria-labelledby=\"e-n-accordion-item-9320 e-n-accordion-item-9320\" class=\"elementor-element elementor-element-e9a2271 e-con-full mc_data_shrink e-flex e-con e-child\" data-id=\"e9a2271\" data-element_type=\"container\" data-e-type=\"container\">\n\t\t\t\t<div class=\"elementor-element elementor-element-bfe35c3 elementor-widget elementor-widget-text-editor\" data-id=\"bfe35c3\" data-element_type=\"widget\" data-e-type=\"widget\" data-widget_type=\"text-editor.default\">\n\t\t\t\t<div class=\"elementor-widget-container\">\n\t\t\t\t\t\t\t\t\t<p>Wymagane do\u015bwiadczenie<\/p>\t\t\t\t\t\t\t\t<\/div>\n\t\t\t\t<\/div>\n\t\t\t\t<div class=\"elementor-element elementor-element-4099372 elementor-widget elementor-widget-text-editor\" data-id=\"4099372\" data-element_type=\"widget\" data-e-type=\"widget\" data-widget_type=\"text-editor.default\">\n\t\t\t\t<div class=\"elementor-widget-container\">\n\t\t\t\t\t\t\t\t\t<ul><li>\u00a0Wykszta\u0142cenie wy\u017csze lub w trakcie studi\u00f3w na kierunku budownictwo, architektura, gospodarka przestrzenna;<\/li><li>Znajomo\u015b\u0107 program\u00f3w Autocad (2D), pakiet MS Office<br \/>(w szczeg\u00f3lno\u015bci MS Excel);<\/li><li>Umiej\u0119tno\u015b\u0107 pracy w zespole, wysoka komunikatywno\u015b\u0107;<\/li><li>Umiej\u0119tno\u015b\u0107 dobrej organizacji i planowania pracy (terminowo\u015b\u0107);<\/li><li>Prawo jazdy kat. B;<\/li><li>Mile widziana znajomo\u015b\u0107 j\u0119zyka angielskiego;<\/li><li>Mile widziane do\u015bwiadczenie na podobnym stanowisku.<\/li><\/ul>\t\t\t\t\t\t\t\t<\/div>\n\t\t\t\t<\/div>\n\t\t\t\t<\/div>\n\t\t<div role=\"region region\" aria-labelledby=\"e-n-accordion-item-9320 e-n-accordion-item-9320\" class=\"elementor-element elementor-element-c21277f e-con-full mc_data_shrink e-flex e-con e-child\" data-id=\"c21277f\" data-element_type=\"container\" data-e-type=\"container\">\n\t\t\t\t<div class=\"elementor-element elementor-element-8be94fa elementor-widget elementor-widget-text-editor\" data-id=\"8be94fa\" data-element_type=\"widget\" data-e-type=\"widget\" data-widget_type=\"text-editor.default\">\n\t\t\t\t<div class=\"elementor-widget-container\">\n\t\t\t\t\t\t\t\t\t<p>Oferujemy<\/p>\t\t\t\t\t\t\t\t<\/div>\n\t\t\t\t<\/div>\n\t\t\t\t<div class=\"elementor-element elementor-element-e48a995 elementor-widget elementor-widget-text-editor\" data-id=\"e48a995\" data-element_type=\"widget\" data-e-type=\"widget\" data-widget_type=\"text-editor.default\">\n\t\t\t\t<div class=\"elementor-widget-container\">\n\t\t\t\t\t\t\t\t\t<ul><li>Udzia\u0142 w szkoleniach produktowych i technicznych;<\/li><li>Opiek\u0119 medyczn\u0105;<\/li><li>Kart\u0119 Multisport;<\/li><li>Prac\u0119 w przyjaznym, zgranym zespole, w kt\u00f3rym zawsze b\u0119dziesz m\u00f3g\u0142 liczy\u0107 na pomoc;<\/li><li>\u00a0Narz\u0119dzia do pracy takie jak telefon, komputer;<\/li><\/ul>\t\t\t\t\t\t\t\t<\/div>\n\t\t\t\t<\/div>\n\t\t\t\t<\/div>\n\t\t<div role=\"region region\" aria-labelledby=\"e-n-accordion-item-9320 e-n-accordion-item-9320\" class=\"elementor-element elementor-element-2d18001 e-con-full mc_data_shrink e-flex e-con e-child\" data-id=\"2d18001\" data-element_type=\"container\" data-e-type=\"container\">\n\t\t\t\t<div class=\"elementor-element elementor-element-08e093c elementor-widget elementor-widget-text-editor\" data-id=\"08e093c\" data-element_type=\"widget\" data-e-type=\"widget\" data-widget_type=\"text-editor.default\">\n\t\t\t\t<div class=\"elementor-widget-container\">\n\t\t\t\t\t\t\t\t\t<p>Forma zatrudnienia<\/p>\t\t\t\t\t\t\t\t<\/div>\n\t\t\t\t<\/div>\n\t\t\t\t<div class=\"elementor-element elementor-element-6abef49 elementor-widget elementor-widget-text-editor\" data-id=\"6abef49\" data-element_type=\"widget\" data-e-type=\"widget\" data-widget_type=\"text-editor.default\">\n\t\t\t\t<div class=\"elementor-widget-container\">\n\t\t\t\t\t\t\t\t\t<ul><li>Umowa o prac\u0119,<\/li><li>Kontrakt B2B;<\/li><\/ul>\t\t\t\t\t\t\t\t<\/div>\n\t\t\t\t<\/div>\n\t\t\t\t<\/div>\n\t\t<div role=\"region region\" aria-labelledby=\"e-n-accordion-item-9320 e-n-accordion-item-9320\" class=\"elementor-element elementor-element-fa38a09 e-con-full mc_data_shrink e-flex e-con e-child\" data-id=\"fa38a09\" data-element_type=\"container\" data-e-type=\"container\">\n\t\t\t\t<\/div>\n\t\t<div role=\"region region\" aria-labelledby=\"e-n-accordion-item-9320 e-n-accordion-item-9320\" class=\"elementor-element elementor-element-1569440 e-con-full mc_data_shrink e-flex e-con e-child\" data-id=\"1569440\" data-element_type=\"container\" data-e-type=\"container\">\n\t\t\t\t<div class=\"elementor-element elementor-element-fd49455 elementor-widget elementor-widget-text-editor\" data-id=\"fd49455\" data-element_type=\"widget\" data-e-type=\"widget\" data-widget_type=\"text-editor.default\">\n\t\t\t\t<div class=\"elementor-widget-container\">\n\t\t\t\t\t\t\t\t\t<p>Zainteresowany\/-a<\/p>\t\t\t\t\t\t\t\t<\/div>\n\t\t\t\t<\/div>\n\t\t\t\t<div class=\"elementor-element elementor-element-4fd94b4 elementor-widget elementor-widget-text-editor\" data-id=\"4fd94b4\" data-element_type=\"widget\" data-e-type=\"widget\" data-widget_type=\"text-editor.default\">\n\t\t\t\t<div class=\"elementor-widget-container\">\n\t\t\t\t\t\t\t\t\t<p>Wy\u015blij CV na <br \/><a href=\"mailto:rekrutacja@prwdesign.pl\">rekrutacja@prwdesign.pl<\/a><\/p>\t\t\t\t\t\t\t\t<\/div>\n\t\t\t\t<\/div>\n\t\t\t\t<\/div>\n\t\t\t\t<\/div>\n\t\t\t\t\t<\/details>\n\t\t\t\t\t\t<details id=\"e-n-accordion-item-9321\" class=\"e-n-accordion-item\" >\n\t\t\t\t<summary class=\"e-n-accordion-item-title\" data-accordion-index=\"2\" tabindex=\"-1\" aria-expanded=\"false\" aria-controls=\"e-n-accordion-item-9321\" >\n\t\t\t\t\t<span class='e-n-accordion-item-title-header'><div class=\"e-n-accordion-item-title-text\"> Specjalista ds. ofert - kosztorysant <\/div><\/span>\n\t\t\t\t\t\t\t<span class='e-n-accordion-item-title-icon'>\n\t\t\t<span class='e-opened' ><svg aria-hidden=\"true\" class=\"e-font-icon-svg e-fas-minus\" viewbox=\"0 0 448 512\" xmlns=\"http:\/\/www.w3.org\/2000\/svg\"><path d=\"M416 208H32c-17.67 0-32 14.33-32 32v32c0 17.67 14.33 32 32 32h384c17.67 0 32-14.33 32-32v-32c0-17.67-14.33-32-32-32z\"><\/path><\/svg><\/span>\n\t\t\t<span class='e-closed'><svg aria-hidden=\"true\" class=\"e-font-icon-svg e-fas-plus\" viewbox=\"0 0 448 512\" xmlns=\"http:\/\/www.w3.org\/2000\/svg\"><path d=\"M416 208H272V64c0-17.67-14.33-32-32-32h-32c-17.67 0-32 14.33-32 32v144H32c-17.67 0-32 14.33-32 32v32c0 17.67 14.33 32 32 32h144v144c0 17.67 14.33 32 32 32h32c17.67 0 32-14.33 32-32V304h144c17.67 0 32-14.33 32-32v-32c0-17.67-14.33-32-32-32z\"><\/path><\/svg><\/span>\n\t\t<\/span>\n\n\t\t\t\t\t\t<\/summary>\n\t\t\t\t<div role=\"region region\" aria-labelledby=\"e-n-accordion-item-9321 e-n-accordion-item-9321\" class=\"e-con-top elementor-element elementor-element-8bd2e8c e-con-full e-flex e-con e-child\" data-id=\"8bd2e8c\" data-element_type=\"container\" data-e-type=\"container\">\n\t\t<div role=\"region region\" aria-labelledby=\"e-n-accordion-item-9321 e-n-accordion-item-9321\" class=\"elementor-element elementor-element-d4ddfe7 e-con-full mc_data_shrink e-flex e-con e-child\" data-id=\"d4ddfe7\" data-element_type=\"container\" data-e-type=\"container\">\n\t\t\t\t<div class=\"elementor-element elementor-element-c381b73 elementor-widget elementor-widget-text-editor\" data-id=\"c381b73\" data-element_type=\"widget\" data-e-type=\"widget\" data-widget_type=\"text-editor.default\">\n\t\t\t\t<div class=\"elementor-widget-container\">\n\t\t\t\t\t\t\t\t\t<p>Zakres obowi\u0105zk\u00f3w<\/p>\t\t\t\t\t\t\t\t<\/div>\n\t\t\t\t<\/div>\n\t\t\t\t<div class=\"elementor-element elementor-element-24b0706 elementor-widget elementor-widget-text-editor\" data-id=\"24b0706\" data-element_type=\"widget\" data-e-type=\"widget\" data-widget_type=\"text-editor.default\">\n\t\t\t\t<div class=\"elementor-widget-container\">\n\t\t\t\t\t\t\t\t\t<ul><li>\u00a0Analiza dokumentacji projektowej;<\/li><li>Ustalanie technologii i detali realizacji z architektem prowadz\u0105cym;<\/li><li>Opracowywanie przedmiar\u00f3w i bud\u017cetowanie rob\u00f3t;<\/li><li>Przygotowywanie i wycena specyfikacji materia\u0142\u00f3w wyko\u0144czeniowych;<\/li><li>Udzia\u0142 w wizjach lokalnych \/ ocena ryzyk;<\/li><li>Opracowywanie dokument\u00f3w ofertowych;<\/li><li>Negocjacje z podwykonawcami i dostawcami;<\/li><li>Przygotowywanie specyfikacji rob\u00f3t \/ materia\u0142\u00f3w do realizacji.<\/li><\/ul>\t\t\t\t\t\t\t\t<\/div>\n\t\t\t\t<\/div>\n\t\t\t\t<\/div>\n\t\t<div role=\"region region\" aria-labelledby=\"e-n-accordion-item-9321 e-n-accordion-item-9321\" class=\"elementor-element elementor-element-20bb358 e-con-full mc_data_shrink e-flex e-con e-child\" data-id=\"20bb358\" data-element_type=\"container\" data-e-type=\"container\">\n\t\t\t\t<div class=\"elementor-element elementor-element-fe252bf elementor-widget elementor-widget-text-editor\" data-id=\"fe252bf\" data-element_type=\"widget\" data-e-type=\"widget\" data-widget_type=\"text-editor.default\">\n\t\t\t\t<div class=\"elementor-widget-container\">\n\t\t\t\t\t\t\t\t\t<p>Wymagane do\u015bwiadczenie<\/p>\t\t\t\t\t\t\t\t<\/div>\n\t\t\t\t<\/div>\n\t\t\t\t<div class=\"elementor-element elementor-element-33b87bd elementor-widget elementor-widget-text-editor\" data-id=\"33b87bd\" data-element_type=\"widget\" data-e-type=\"widget\" data-widget_type=\"text-editor.default\">\n\t\t\t\t<div class=\"elementor-widget-container\">\n\t\t\t\t\t\t\t\t\t<ul><li>\u00a0Wykszta\u0142cenie wy\u017csze in\u017cynierskie lub magisterskie &#8211; kierunek budownictwo lub architektura;<\/li><li>Znajomo\u015b\u0107 program\u00f3w Autocad (2D), pakiet MS Office (w szczeg\u00f3lno\u015bci MS Excel);<\/li><li>Dobra znajomo\u015b\u0107 j\u0119zyka angielskiego;<\/li><li>Umiej\u0119tno\u015b\u0107 pracy w zespole, wysoka komunikatywno\u015b\u0107;<\/li><li>Umiej\u0119tno\u015b\u0107 dobrej organizacji i planowania pracy (terminowo\u015b\u0107);<\/li><\/ul>\t\t\t\t\t\t\t\t<\/div>\n\t\t\t\t<\/div>\n\t\t\t\t<\/div>\n\t\t<div role=\"region region\" aria-labelledby=\"e-n-accordion-item-9321 e-n-accordion-item-9321\" class=\"elementor-element elementor-element-eaebe44 e-con-full mc_data_shrink e-flex e-con e-child\" data-id=\"eaebe44\" data-element_type=\"container\" data-e-type=\"container\">\n\t\t\t\t<div class=\"elementor-element elementor-element-db8b160 elementor-widget elementor-widget-text-editor\" data-id=\"db8b160\" data-element_type=\"widget\" data-e-type=\"widget\" data-widget_type=\"text-editor.default\">\n\t\t\t\t<div class=\"elementor-widget-container\">\n\t\t\t\t\t\t\t\t\t<p>Oferujemy<\/p>\t\t\t\t\t\t\t\t<\/div>\n\t\t\t\t<\/div>\n\t\t\t\t<div class=\"elementor-element elementor-element-5eca0cd elementor-widget elementor-widget-text-editor\" data-id=\"5eca0cd\" data-element_type=\"widget\" data-e-type=\"widget\" data-widget_type=\"text-editor.default\">\n\t\t\t\t<div class=\"elementor-widget-container\">\n\t\t\t\t\t\t\t\t\t<ul><li>Udzia\u0142 w szkoleniach produktowych i technicznych;<\/li><li>Opiek\u0119 medyczn\u0105;<\/li><li>Kart\u0119 Multisport;<\/li><li>Prac\u0119 w przyjaznym, zgranym zespole, w kt\u00f3rym zawsze b\u0119dziesz m\u00f3g\u0142 liczy\u0107 na pomoc;<\/li><li>\u00a0Narz\u0119dzia do pracy takie jak telefon, komputer;<\/li><\/ul>\t\t\t\t\t\t\t\t<\/div>\n\t\t\t\t<\/div>\n\t\t\t\t<\/div>\n\t\t<div role=\"region region\" aria-labelledby=\"e-n-accordion-item-9321 e-n-accordion-item-9321\" class=\"elementor-element elementor-element-4979819 e-con-full mc_data_shrink e-flex e-con e-child\" data-id=\"4979819\" data-element_type=\"container\" data-e-type=\"container\">\n\t\t\t\t<div class=\"elementor-element elementor-element-2cc9aa7 elementor-widget elementor-widget-text-editor\" data-id=\"2cc9aa7\" data-element_type=\"widget\" data-e-type=\"widget\" data-widget_type=\"text-editor.default\">\n\t\t\t\t<div class=\"elementor-widget-container\">\n\t\t\t\t\t\t\t\t\t<p>Forma zatrudnienia<\/p>\t\t\t\t\t\t\t\t<\/div>\n\t\t\t\t<\/div>\n\t\t\t\t<div class=\"elementor-element elementor-element-6c82161 elementor-widget elementor-widget-text-editor\" data-id=\"6c82161\" data-element_type=\"widget\" data-e-type=\"widget\" data-widget_type=\"text-editor.default\">\n\t\t\t\t<div class=\"elementor-widget-container\">\n\t\t\t\t\t\t\t\t\t<ul><li>Umowa o prac\u0119,<\/li><li>Kontrakt B2B;<\/li><\/ul>\t\t\t\t\t\t\t\t<\/div>\n\t\t\t\t<\/div>\n\t\t\t\t<\/div>\n\t\t<div role=\"region region\" aria-labelledby=\"e-n-accordion-item-9321 e-n-accordion-item-9321\" class=\"elementor-element elementor-element-a9466bd e-con-full mc_data_shrink e-flex e-con e-child\" data-id=\"a9466bd\" data-element_type=\"container\" data-e-type=\"container\">\n\t\t\t\t<\/div>\n\t\t<div role=\"region region\" aria-labelledby=\"e-n-accordion-item-9321 e-n-accordion-item-9321\" class=\"elementor-element elementor-element-ab15a8d e-con-full mc_data_shrink e-flex e-con e-child\" data-id=\"ab15a8d\" data-element_type=\"container\" data-e-type=\"container\">\n\t\t\t\t<div class=\"elementor-element elementor-element-34a9f46 elementor-widget elementor-widget-text-editor\" data-id=\"34a9f46\" data-element_type=\"widget\" data-e-type=\"widget\" data-widget_type=\"text-editor.default\">\n\t\t\t\t<div class=\"elementor-widget-container\">\n\t\t\t\t\t\t\t\t\t<p>Zainteresowany\/-a<\/p>\t\t\t\t\t\t\t\t<\/div>\n\t\t\t\t<\/div>\n\t\t\t\t<div class=\"elementor-element elementor-element-dc35f48 elementor-widget elementor-widget-text-editor\" data-id=\"dc35f48\" data-element_type=\"widget\" data-e-type=\"widget\" data-widget_type=\"text-editor.default\">\n\t\t\t\t<div class=\"elementor-widget-container\">\n\t\t\t\t\t\t\t\t\t<p>Wy\u015blij CV na <br \/><a href=\"mailto:rekrutacja@prwdesign.pl\">rekrutacja@prwdesign.pl<\/a><\/p>\t\t\t\t\t\t\t\t<\/div>\n\t\t\t\t<\/div>\n\t\t\t\t<\/div>\n\t\t\t\t<\/div>\n\t\t\t\t\t<\/details>\n\t\t\t\t\t<\/div>\n\t\t\t\t\t\t<\/div>\n\t\t\t\t<\/div>\n\t\t\t\t\t<\/div>\n\t\t\t\t<\/div>\n\t\t\t\t<\/div>","protected":false},"excerpt":{"rendered":"<p>Rekrutacja Ca\u0142y czas szukamy nowy talent\u00f3w do naszego zespo\u0142u. Chcesz spr\u00f3bowa\u0107? Aplikuj ju\u017c teraz! Asystent Project Managera Zakres obowi\u0105zk\u00f3w Osoba na tym stanowisku b\u0119dzie administracyjnym wsparciemzespo\u0142u odpowiedzialnego za realizacj\u0119 projekt\u00f3w aran\u017cacji wn\u0119trz.\u00a0 \u2022\u00a0\u00a0 \u00a0Prowadzenie rejestru i kalendarza projekt\u00f3w;\u2022\u00a0\u00a0 \u00a0Nadz\u00f3r nad terminowo\u015bci\u0105 wykonywanych prac na budowiew oparciu o harmonogram;\u2022\u00a0\u00a0 \u00a0Przygotowywanie (uzupe\u0142nianie) um\u00f3w i zlece\u0144 oraz ich [&hellip;]<\/p>\n","protected":false},"author":1,"featured_media":0,"parent":0,"menu_order":0,"comment_status":"closed","ping_status":"closed","template":"","meta":{"_acf_changed":false,"inline_featured_image":false,"footnotes":""},"class_list":["post-1473","page","type-page","status-publish","hentry"],"acf":[],"_links":{"self":[{"href":"https:\/\/prw.przedprojekt.com.pl\/en\/wp-json\/wp\/v2\/pages\/1473","targetHints":{"allow":["GET"]}}],"collection":[{"href":"https:\/\/prw.przedprojekt.com.pl\/en\/wp-json\/wp\/v2\/pages"}],"about":[{"href":"https:\/\/prw.przedprojekt.com.pl\/en\/wp-json\/wp\/v2\/types\/page"}],"author":[{"embeddable":true,"href":"https:\/\/prw.przedprojekt.com.pl\/en\/wp-json\/wp\/v2\/users\/1"}],"replies":[{"embeddable":true,"href":"https:\/\/prw.przedprojekt.com.pl\/en\/wp-json\/wp\/v2\/comments?post=1473"}],"version-history":[{"count":367,"href":"https:\/\/prw.przedprojekt.com.pl\/en\/wp-json\/wp\/v2\/pages\/1473\/revisions"}],"predecessor-version":[{"id":4412,"href":"https:\/\/prw.przedprojekt.com.pl\/en\/wp-json\/wp\/v2\/pages\/1473\/revisions\/4412"}],"wp:attachment":[{"href":"https:\/\/prw.przedprojekt.com.pl\/en\/wp-json\/wp\/v2\/media?parent=1473"}],"curies":[{"name":"wp","href":"https:\/\/api.w.org\/{rel}","templated":true}]}}